{"id":7359,"date":"2024-06-05T09:03:00","date_gmt":"2024-06-05T09:03:00","guid":{"rendered":"https:\/\/themewant.com\/products\/wordpress\/greenaura\/?page_id=7359"},"modified":"2025-09-07T03:54:24","modified_gmt":"2025-09-07T01:54:24","slug":"kontakt","status":"publish","type":"page","link":"https:\/\/kwiatybielsko.pl\/index.php\/kontakt\/","title":{"rendered":"Kontakt"},"content":{"rendered":"\t\t<div data-elementor-type=\"wp-page\" data-elementor-id=\"7359\" class=\"elementor elementor-7359\">\n\t\t\t\t<div class=\"elementor-element elementor-element-0b5a4ca e-flex e-con-boxed rt-default-class e-con e-parent\" data-id=\"0b5a4ca\" data-element_type=\"container\">\n\t\t\t\t\t<div class=\"e-con-inner\">\n\t\t<div class=\"elementor-element elementor-element-f2b9280 e-con-full e-flex rt-default-class e-con e-child\" data-id=\"f2b9280\" data-element_type=\"container\">\n\t\t\t\t<div class=\"elementor-element elementor-element-a4ac1f9 rt-default-class elementor-widget elementor-widget-image\" data-id=\"a4ac1f9\" data-element_type=\"widget\" data-widget_type=\"image.default\">\n\t\t\t\t\t\t\t\t\t\t\t\t\t\t\t<img fetchpriority=\"high\" decoding=\"async\" width=\"640\" height=\"226\" src=\"https:\/\/kwiatybielsko.pl\/wp-content\/uploads\/2025\/08\/logotypor.png\" class=\"attachment-large size-large wp-image-8200\" alt=\"\" srcset=\"https:\/\/kwiatybielsko.pl\/wp-content\/uploads\/2025\/08\/logotypor.png 733w, https:\/\/kwiatybielsko.pl\/wp-content\/uploads\/2025\/08\/logotypor-300x106.png 300w, https:\/\/kwiatybielsko.pl\/wp-content\/uploads\/2025\/08\/logotypor-600x212.png 600w\" sizes=\"(max-width: 640px) 100vw, 640px\" \/>\t\t\t\t\t\t\t\t\t\t\t\t\t\t\t<\/div>\n\t\t\t\t<\/div>\n\t\t<div class=\"elementor-element elementor-element-130e865 e-flex e-con-boxed rt-default-class e-con e-child\" data-id=\"130e865\" data-element_type=\"container\">\n\t\t\t\t\t<div class=\"e-con-inner\">\n\t\t<div class=\"elementor-element elementor-element-915ee75 e-flex e-con-boxed rt-default-class e-con e-child\" data-id=\"915ee75\" data-element_type=\"container\">\n\t\t\t\t\t<div class=\"e-con-inner\">\n\t\t\t\t<div class=\"elementor-element elementor-element-bc857b2 elementor-widget__width-initial rt-default-class elementor-widget elementor-widget-icon-box\" data-id=\"bc857b2\" data-element_type=\"widget\" data-widget_type=\"icon-box.default\">\n\t\t\t\t\t\t\t<div class=\"elementor-icon-box-wrapper\">\n\n\t\t\t\n\t\t\t\t\t\t<div class=\"elementor-icon-box-content\">\n\n\t\t\t\t\t\t\t\t\t<span class=\"elementor-icon-box-title\">\n\t\t\t\t\t\t<span  >\n\t\t\t\t\t\t\tKwiaciarnia\t\t\t\t\t\t<\/span>\n\t\t\t\t\t<\/span>\n\t\t\t\t\n\t\t\t\t\t\t\t\t\t<p class=\"elementor-icon-box-description\">\n\t\t\t\t\t\tul. Ksi\u0119dza Stanis\u0142awa Stoja\u0142owskiego 10, 43-300 Bielsko-Bia\u0142a\t\t\t\t\t<\/p>\n\t\t\t\t\n\t\t\t<\/div>\n\t\t\t\n\t\t<\/div>\n\t\t\t\t\t\t<\/div>\n\t\t\t\t<div class=\"elementor-element elementor-element-1bc2b87 elementor-widget__width-initial rt-default-class elementor-widget elementor-widget-icon-box\" data-id=\"1bc2b87\" data-element_type=\"widget\" data-widget_type=\"icon-box.default\">\n\t\t\t\t\t\t\t<div class=\"elementor-icon-box-wrapper\">\n\n\t\t\t\n\t\t\t\t\t\t<div class=\"elementor-icon-box-content\">\n\n\t\t\t\t\t\t\t\t\t<span class=\"elementor-icon-box-title\">\n\t\t\t\t\t\t<span  >\n\t\t\t\t\t\t\tKontakt\t\t\t\t\t\t<\/span>\n\t\t\t\t\t<\/span>\n\t\t\t\t\n\t\t\t\t\t\t\t\t\t<p class=\"elementor-icon-box-description\">\n\t\t\t\t\t\t516 134 761, kontakt@kwiatybielsko.pl\t\t\t\t\t<\/p>\n\t\t\t\t\n\t\t\t<\/div>\n\t\t\t\n\t\t<\/div>\n\t\t\t\t\t\t<\/div>\n\t\t\t\t<div class=\"elementor-element elementor-element-f3186cf elementor-widget__width-initial rt-default-class elementor-widget elementor-widget-icon-box\" data-id=\"f3186cf\" data-element_type=\"widget\" data-widget_type=\"icon-box.default\">\n\t\t\t\t\t\t\t<div class=\"elementor-icon-box-wrapper\">\n\n\t\t\t\n\t\t\t\t\t\t<div class=\"elementor-icon-box-content\">\n\n\t\t\t\t\t\t\t\t\t<span class=\"elementor-icon-box-title\">\n\t\t\t\t\t\t<span  >\n\t\t\t\t\t\t\tGodziny otwarcia\t\t\t\t\t\t<\/span>\n\t\t\t\t\t<\/span>\n\t\t\t\t\n\t\t\t\t\t\t\t\t\t<p class=\"elementor-icon-box-description\">\n\t\t\t\t\t\tPon-pt: 09:00-18:00\nSobota 09:00-14:00\nNiedziela: nieczynne\n<br>\t\t\t\t\t<\/p>\n\t\t\t\t\n\t\t\t<\/div>\n\t\t\t\n\t\t<\/div>\n\t\t\t\t\t\t<\/div>\n\t\t\t\t\t<\/div>\n\t\t\t\t<\/div>\n\t\t\t\t<div class=\"elementor-element elementor-element-8869a5c rt-default-class elementor-widget elementor-widget-google_maps\" data-id=\"8869a5c\" data-element_type=\"widget\" data-widget_type=\"google_maps.default\">\n\t\t\t\t\t\t\t<div class=\"elementor-custom-embed\">\n\t\t\t<iframe loading=\"lazy\"\n\t\t\t\t\tsrc=\"https:\/\/maps.google.com\/maps?q=ul.%20Ksi%C4%99dza%20Stanis%C5%82awa%20Stoja%C5%82owskiego%2010%2C%2043-300%20Bielsko-Bia%C5%82a&#038;t=m&#038;z=10&#038;output=embed&#038;iwloc=near\"\n\t\t\t\t\ttitle=\"ul. Ksi\u0119dza Stanis\u0142awa Stoja\u0142owskiego 10, 43-300 Bielsko-Bia\u0142a\"\n\t\t\t\t\taria-label=\"ul. Ksi\u0119dza Stanis\u0142awa Stoja\u0142owskiego 10, 43-300 Bielsko-Bia\u0142a\"\n\t\t\t><\/iframe>\n\t\t<\/div>\n\t\t\t\t\t\t<\/div>\n\t\t\t\t\t<\/div>\n\t\t\t\t<\/div>\n\t\t\t\t\t<\/div>\n\t\t\t\t<\/div>\n\t\t<div class=\"elementor-element elementor-element-b4a0d5f e-flex e-con-boxed rt-default-class e-con e-parent\" data-id=\"b4a0d5f\" data-element_type=\"container\">\n\t\t\t\t\t<div class=\"e-con-inner\">\n\t\t<div class=\"elementor-element elementor-element-84a4495 e-con-full e-flex rt-default-class e-con e-child\" data-id=\"84a4495\" data-element_type=\"container\">\n\t\t\t\t<div class=\"elementor-element elementor-element-be36ce5 rt-default-class elementor-widget elementor-widget-image\" data-id=\"be36ce5\" data-element_type=\"widget\" data-widget_type=\"image.default\">\n\t\t\t\t\t\t\t\t\t\t\t\t\t\t\t<img decoding=\"async\" width=\"640\" height=\"640\" src=\"https:\/\/kwiatybielsko.pl\/wp-content\/uploads\/2025\/08\/Kwiatomat-K9-PRO-Ostrowska_Bielsko-Biala-1-1-1024x1024.png\" class=\"attachment-large size-large wp-image-8348\" alt=\"\" srcset=\"https:\/\/kwiatybielsko.pl\/wp-content\/uploads\/2025\/08\/Kwiatomat-K9-PRO-Ostrowska_Bielsko-Biala-1-1-1024x1024.png 1024w, https:\/\/kwiatybielsko.pl\/wp-content\/uploads\/2025\/08\/Kwiatomat-K9-PRO-Ostrowska_Bielsko-Biala-1-1-300x300.png 300w, https:\/\/kwiatybielsko.pl\/wp-content\/uploads\/2025\/08\/Kwiatomat-K9-PRO-Ostrowska_Bielsko-Biala-1-1-150x150.png 150w, https:\/\/kwiatybielsko.pl\/wp-content\/uploads\/2025\/08\/Kwiatomat-K9-PRO-Ostrowska_Bielsko-Biala-1-1-768x768.png 768w, https:\/\/kwiatybielsko.pl\/wp-content\/uploads\/2025\/08\/Kwiatomat-K9-PRO-Ostrowska_Bielsko-Biala-1-1-1536x1536.png 1536w, https:\/\/kwiatybielsko.pl\/wp-content\/uploads\/2025\/08\/Kwiatomat-K9-PRO-Ostrowska_Bielsko-Biala-1-1-2048x2048.png 2048w, https:\/\/kwiatybielsko.pl\/wp-content\/uploads\/2025\/08\/Kwiatomat-K9-PRO-Ostrowska_Bielsko-Biala-1-1-600x600.png 600w, https:\/\/kwiatybielsko.pl\/wp-content\/uploads\/2025\/08\/Kwiatomat-K9-PRO-Ostrowska_Bielsko-Biala-1-1-100x100.png 100w\" sizes=\"(max-width: 640px) 100vw, 640px\" \/>\t\t\t\t\t\t\t\t\t\t\t\t\t\t\t<\/div>\n\t\t\t\t<\/div>\n\t\t<div class=\"elementor-element elementor-element-280b317 e-con-full e-flex rt-default-class e-con e-child\" data-id=\"280b317\" data-element_type=\"container\">\n\t\t<div class=\"elementor-element elementor-element-91578f5 e-con-full e-flex rt-default-class e-con e-child\" data-id=\"91578f5\" data-element_type=\"container\">\n\t\t\t\t<div class=\"elementor-element elementor-element-0c40eb6 elementor-widget__width-initial rt-default-class elementor-widget elementor-widget-icon-box\" data-id=\"0c40eb6\" data-element_type=\"widget\" data-widget_type=\"icon-box.default\">\n\t\t\t\t\t\t\t<div class=\"elementor-icon-box-wrapper\">\n\n\t\t\t\n\t\t\t\t\t\t<div class=\"elementor-icon-box-content\">\n\n\t\t\t\t\t\t\t\t\t<span class=\"elementor-icon-box-title\">\n\t\t\t\t\t\t<span  >\n\t\t\t\t\t\t\tKwiatomat\t\t\t\t\t\t<\/span>\n\t\t\t\t\t<\/span>\n\t\t\t\t\n\t\t\t\t\t\t\t\t\t<p class=\"elementor-icon-box-description\">\n\t\t\t\t\t\tul. Wa\u0142owa 21, 43-300 Bielsko-Bia\u0142a (przy stacji paliw Valdi)\t\t\t\t\t<\/p>\n\t\t\t\t\n\t\t\t<\/div>\n\t\t\t\n\t\t<\/div>\n\t\t\t\t\t\t<\/div>\n\t\t\t\t<div class=\"elementor-element elementor-element-a4f01c7 elementor-widget__width-initial rt-default-class elementor-widget elementor-widget-icon-box\" data-id=\"a4f01c7\" data-element_type=\"widget\" data-widget_type=\"icon-box.default\">\n\t\t\t\t\t\t\t<div class=\"elementor-icon-box-wrapper\">\n\n\t\t\t\n\t\t\t\t\t\t<div class=\"elementor-icon-box-content\">\n\n\t\t\t\t\t\t\t\t\t<span class=\"elementor-icon-box-title\">\n\t\t\t\t\t\t<span  >\n\t\t\t\t\t\t\tGodziny otwarcia\t\t\t\t\t\t<\/span>\n\t\t\t\t\t<\/span>\n\t\t\t\t\n\t\t\t\t\t\t\t\t\t<p class=\"elementor-icon-box-description\">\n\t\t\t\t\t\tKwiatomat czynny 24\/7\t\t\t\t\t<\/p>\n\t\t\t\t\n\t\t\t<\/div>\n\t\t\t\n\t\t<\/div>\n\t\t\t\t\t\t<\/div>\n\t\t\t\t<\/div>\n\t\t\t\t<div class=\"elementor-element elementor-element-4a38c5c rt-default-class elementor-widget elementor-widget-google_maps\" data-id=\"4a38c5c\" data-element_type=\"widget\" data-widget_type=\"google_maps.default\">\n\t\t\t\t\t\t\t<div class=\"elementor-custom-embed\">\n\t\t\t<iframe loading=\"lazy\"\n\t\t\t\t\tsrc=\"https:\/\/maps.google.com\/maps?q=ul.%20Wa%C5%82owa%2021%2C%2043-300%20Bielsko-Bia%C5%82a&#038;t=m&#038;z=10&#038;output=embed&#038;iwloc=near\"\n\t\t\t\t\ttitle=\"ul. Wa\u0142owa 21, 43-300 Bielsko-Bia\u0142a\"\n\t\t\t\t\taria-label=\"ul. Wa\u0142owa 21, 43-300 Bielsko-Bia\u0142a\"\n\t\t\t><\/iframe>\n\t\t<\/div>\n\t\t\t\t\t\t<\/div>\n\t\t\t\t<\/div>\n\t\t\t\t\t<\/div>\n\t\t\t\t<\/div>\n\t\t\t\t<\/div>\n\t\t","protected":false},"excerpt":{"rendered":"<p>Kwiaciarnia ul. Ksi\u0119dza Stanis\u0142awa Stoja\u0142owskiego 10, 43-300 Bielsko-Bia\u0142a Kontakt 516 134 761, kontakt@kwiatybielsko.pl Godziny otwarcia Pon-pt: 09:00-18:00 Sobota 09:00-14:00 Niedziela: nieczynne Kwiatomat ul. Wa\u0142owa 21, 43-300 Bielsko-Bia\u0142a (przy stacji paliw Valdi) Godziny otwarcia Kwiatomat czynny 24\/7<\/p>\n","protected":false},"author":1,"featured_media":8215,"parent":0,"menu_order":0,"comment_status":"closed","ping_status":"closed","template":"elementor_header_footer","meta":{"footnotes":""},"class_list":["post-7359","page","type-page","status-publish","has-post-thumbnail","hentry"],"yoast_head":"<!-- This site is optimized with the Yoast SEO plugin v25.8 - https:\/\/yoast.com\/wordpress\/plugins\/seo\/ -->\n<title>Kontakt - Studio Satysfakcja - Kwiaciarnia Bielsko-Bia\u0142a<\/title>\n<meta name=\"description\" content=\"Kwiaciarnia, kwiatomat Bielsko-Bia\u0142a. Studio Satysfakcja to pasja i unikalne kompozycje florystyczne.\" \/>\n<meta name=\"robots\" content=\"index, follow, max-snippet:-1, max-image-preview:large, max-video-preview:-1\" \/>\n<link rel=\"canonical\" href=\"https:\/\/kwiatybielsko.pl\/index.php\/kontakt\/\" \/>\n<meta property=\"og:locale\" content=\"pl_PL\" \/>\n<meta property=\"og:type\" content=\"article\" \/>\n<meta property=\"og:title\" content=\"Kontakt - Studio Satysfakcja - Kwiaciarnia Bielsko-Bia\u0142a\" \/>\n<meta property=\"og:description\" content=\"Kwiaciarnia, kwiatomat Bielsko-Bia\u0142a. Studio Satysfakcja to pasja i unikalne kompozycje florystyczne.\" \/>\n<meta property=\"og:url\" content=\"https:\/\/kwiatybielsko.pl\/index.php\/kontakt\/\" \/>\n<meta property=\"og:site_name\" content=\"Studio Satysfakcja - Kwiaciarnia Bielsko-Bia\u0142a\" \/>\n<meta property=\"article:publisher\" content=\"https:\/\/www.facebook.com\/profile.php?id=100066718193612\" \/>\n<meta property=\"article:modified_time\" content=\"2025-09-07T01:54:24+00:00\" \/>\n<meta property=\"og:image\" content=\"https:\/\/kwiatybielsko.pl\/wp-content\/uploads\/2025\/08\/475031453_4006500822931079_4032575358340185602_n.jpg\" \/>\n\t<meta property=\"og:image:width\" content=\"2048\" \/>\n\t<meta property=\"og:image:height\" content=\"1365\" \/>\n\t<meta property=\"og:image:type\" content=\"image\/jpeg\" \/>\n<meta name=\"twitter:card\" content=\"summary_large_image\" \/>\n<meta name=\"twitter:title\" content=\"Kontakt - Studio Satysfakcja - Kwiaciarnia Bielsko-Bia\u0142a\" \/>\n<meta name=\"twitter:description\" content=\"Kwiaciarnia, kwiatomat Bielsko-Bia\u0142a. Studio Satysfakcja to pasja i unikalne kompozycje florystyczne.\" \/>\n<meta name=\"twitter:image\" content=\"https:\/\/kwiatybielsko.pl\/wp-content\/uploads\/2025\/08\/475031453_4006500822931079_4032575358340185602_n.jpg\" \/>\n<meta name=\"twitter:label1\" content=\"Szacowany czas czytania\" \/>\n\t<meta name=\"twitter:data1\" content=\"1 minuta\" \/>\n<script type=\"application\/ld+json\" class=\"yoast-schema-graph\">{\"@context\":\"https:\/\/schema.org\",\"@graph\":[{\"@type\":\"WebPage\",\"@id\":\"https:\/\/kwiatybielsko.pl\/index.php\/kontakt\/\",\"url\":\"https:\/\/kwiatybielsko.pl\/index.php\/kontakt\/\",\"name\":\"Kontakt - Studio Satysfakcja - Kwiaciarnia Bielsko-Bia\u0142a\",\"isPartOf\":{\"@id\":\"https:\/\/kwiatybielsko.pl\/#website\"},\"primaryImageOfPage\":{\"@id\":\"https:\/\/kwiatybielsko.pl\/index.php\/kontakt\/#primaryimage\"},\"image\":{\"@id\":\"https:\/\/kwiatybielsko.pl\/index.php\/kontakt\/#primaryimage\"},\"thumbnailUrl\":\"https:\/\/kwiatybielsko.pl\/wp-content\/uploads\/2025\/08\/475031453_4006500822931079_4032575358340185602_n.jpg\",\"datePublished\":\"2024-06-05T09:03:00+00:00\",\"dateModified\":\"2025-09-07T01:54:24+00:00\",\"description\":\"Kwiaciarnia, kwiatomat Bielsko-Bia\u0142a. Studio Satysfakcja to pasja i unikalne kompozycje florystyczne.\",\"breadcrumb\":{\"@id\":\"https:\/\/kwiatybielsko.pl\/index.php\/kontakt\/#breadcrumb\"},\"inLanguage\":\"pl-PL\",\"potentialAction\":[{\"@type\":\"ReadAction\",\"target\":[\"https:\/\/kwiatybielsko.pl\/index.php\/kontakt\/\"]}]},{\"@type\":\"ImageObject\",\"inLanguage\":\"pl-PL\",\"@id\":\"https:\/\/kwiatybielsko.pl\/index.php\/kontakt\/#primaryimage\",\"url\":\"https:\/\/kwiatybielsko.pl\/wp-content\/uploads\/2025\/08\/475031453_4006500822931079_4032575358340185602_n.jpg\",\"contentUrl\":\"https:\/\/kwiatybielsko.pl\/wp-content\/uploads\/2025\/08\/475031453_4006500822931079_4032575358340185602_n.jpg\",\"width\":2048,\"height\":1365},{\"@type\":\"BreadcrumbList\",\"@id\":\"https:\/\/kwiatybielsko.pl\/index.php\/kontakt\/#breadcrumb\",\"itemListElement\":[{\"@type\":\"ListItem\",\"position\":1,\"name\":\"Strona g\u0142\u00f3wna\",\"item\":\"https:\/\/kwiatybielsko.pl\/\"},{\"@type\":\"ListItem\",\"position\":2,\"name\":\"Kontakt\"}]},{\"@type\":\"WebSite\",\"@id\":\"https:\/\/kwiatybielsko.pl\/#website\",\"url\":\"https:\/\/kwiatybielsko.pl\/\",\"name\":\"Studio Satysfakcja - Kwiaciarnia, Kwiatomat Bielsko-Bia\u0142a\",\"description\":\"\",\"publisher\":{\"@id\":\"https:\/\/kwiatybielsko.pl\/#organization\"},\"potentialAction\":[{\"@type\":\"SearchAction\",\"target\":{\"@type\":\"EntryPoint\",\"urlTemplate\":\"https:\/\/kwiatybielsko.pl\/?s={search_term_string}\"},\"query-input\":{\"@type\":\"PropertyValueSpecification\",\"valueRequired\":true,\"valueName\":\"search_term_string\"}}],\"inLanguage\":\"pl-PL\"},{\"@type\":\"Organization\",\"@id\":\"https:\/\/kwiatybielsko.pl\/#organization\",\"name\":\"Studio Satysfakcja - Kwiaciarnia, Kwiatomat Bielsko-Bia\u0142a\",\"url\":\"https:\/\/kwiatybielsko.pl\/\",\"logo\":{\"@type\":\"ImageObject\",\"inLanguage\":\"pl-PL\",\"@id\":\"https:\/\/kwiatybielsko.pl\/#\/schema\/logo\/image\/\",\"url\":\"https:\/\/kwiatybielsko.pl\/wp-content\/uploads\/2025\/08\/logotypor.png\",\"contentUrl\":\"https:\/\/kwiatybielsko.pl\/wp-content\/uploads\/2025\/08\/logotypor.png\",\"width\":733,\"height\":259,\"caption\":\"Studio Satysfakcja - Kwiaciarnia, Kwiatomat Bielsko-Bia\u0142a\"},\"image\":{\"@id\":\"https:\/\/kwiatybielsko.pl\/#\/schema\/logo\/image\/\"},\"sameAs\":[\"https:\/\/www.facebook.com\/profile.php?id=100066718193612\",\"https:\/\/www.instagram.com\/kwiatybielsko\",\"https:\/\/www.instagram.com\/kwiatomat.bielsko\"]}]}<\/script>\n<!-- \/ Yoast SEO plugin. -->","yoast_head_json":{"title":"Kontakt - Studio Satysfakcja - Kwiaciarnia Bielsko-Bia\u0142a","description":"Kwiaciarnia, kwiatomat Bielsko-Bia\u0142a. Studio Satysfakcja to pasja i unikalne kompozycje florystyczne.","robots":{"index":"index","follow":"follow","max-snippet":"max-snippet:-1","max-image-preview":"max-image-preview:large","max-video-preview":"max-video-preview:-1"},"canonical":"https:\/\/kwiatybielsko.pl\/index.php\/kontakt\/","og_locale":"pl_PL","og_type":"article","og_title":"Kontakt - Studio Satysfakcja - Kwiaciarnia Bielsko-Bia\u0142a","og_description":"Kwiaciarnia, kwiatomat Bielsko-Bia\u0142a. Studio Satysfakcja to pasja i unikalne kompozycje florystyczne.","og_url":"https:\/\/kwiatybielsko.pl\/index.php\/kontakt\/","og_site_name":"Studio Satysfakcja - Kwiaciarnia Bielsko-Bia\u0142a","article_publisher":"https:\/\/www.facebook.com\/profile.php?id=100066718193612","article_modified_time":"2025-09-07T01:54:24+00:00","og_image":[{"width":2048,"height":1365,"url":"https:\/\/kwiatybielsko.pl\/wp-content\/uploads\/2025\/08\/475031453_4006500822931079_4032575358340185602_n.jpg","type":"image\/jpeg"}],"twitter_card":"summary_large_image","twitter_title":"Kontakt - Studio Satysfakcja - Kwiaciarnia Bielsko-Bia\u0142a","twitter_description":"Kwiaciarnia, kwiatomat Bielsko-Bia\u0142a. Studio Satysfakcja to pasja i unikalne kompozycje florystyczne.","twitter_image":"https:\/\/kwiatybielsko.pl\/wp-content\/uploads\/2025\/08\/475031453_4006500822931079_4032575358340185602_n.jpg","twitter_misc":{"Szacowany czas czytania":"1 minuta"},"schema":{"@context":"https:\/\/schema.org","@graph":[{"@type":"WebPage","@id":"https:\/\/kwiatybielsko.pl\/index.php\/kontakt\/","url":"https:\/\/kwiatybielsko.pl\/index.php\/kontakt\/","name":"Kontakt - Studio Satysfakcja - Kwiaciarnia Bielsko-Bia\u0142a","isPartOf":{"@id":"https:\/\/kwiatybielsko.pl\/#website"},"primaryImageOfPage":{"@id":"https:\/\/kwiatybielsko.pl\/index.php\/kontakt\/#primaryimage"},"image":{"@id":"https:\/\/kwiatybielsko.pl\/index.php\/kontakt\/#primaryimage"},"thumbnailUrl":"https:\/\/kwiatybielsko.pl\/wp-content\/uploads\/2025\/08\/475031453_4006500822931079_4032575358340185602_n.jpg","datePublished":"2024-06-05T09:03:00+00:00","dateModified":"2025-09-07T01:54:24+00:00","description":"Kwiaciarnia, kwiatomat Bielsko-Bia\u0142a. Studio Satysfakcja to pasja i unikalne kompozycje florystyczne.","breadcrumb":{"@id":"https:\/\/kwiatybielsko.pl\/index.php\/kontakt\/#breadcrumb"},"inLanguage":"pl-PL","potentialAction":[{"@type":"ReadAction","target":["https:\/\/kwiatybielsko.pl\/index.php\/kontakt\/"]}]},{"@type":"ImageObject","inLanguage":"pl-PL","@id":"https:\/\/kwiatybielsko.pl\/index.php\/kontakt\/#primaryimage","url":"https:\/\/kwiatybielsko.pl\/wp-content\/uploads\/2025\/08\/475031453_4006500822931079_4032575358340185602_n.jpg","contentUrl":"https:\/\/kwiatybielsko.pl\/wp-content\/uploads\/2025\/08\/475031453_4006500822931079_4032575358340185602_n.jpg","width":2048,"height":1365},{"@type":"BreadcrumbList","@id":"https:\/\/kwiatybielsko.pl\/index.php\/kontakt\/#breadcrumb","itemListElement":[{"@type":"ListItem","position":1,"name":"Strona g\u0142\u00f3wna","item":"https:\/\/kwiatybielsko.pl\/"},{"@type":"ListItem","position":2,"name":"Kontakt"}]},{"@type":"WebSite","@id":"https:\/\/kwiatybielsko.pl\/#website","url":"https:\/\/kwiatybielsko.pl\/","name":"Studio Satysfakcja - Kwiaciarnia, Kwiatomat Bielsko-Bia\u0142a","description":"","publisher":{"@id":"https:\/\/kwiatybielsko.pl\/#organization"},"potentialAction":[{"@type":"SearchAction","target":{"@type":"EntryPoint","urlTemplate":"https:\/\/kwiatybielsko.pl\/?s={search_term_string}"},"query-input":{"@type":"PropertyValueSpecification","valueRequired":true,"valueName":"search_term_string"}}],"inLanguage":"pl-PL"},{"@type":"Organization","@id":"https:\/\/kwiatybielsko.pl\/#organization","name":"Studio Satysfakcja - Kwiaciarnia, Kwiatomat Bielsko-Bia\u0142a","url":"https:\/\/kwiatybielsko.pl\/","logo":{"@type":"ImageObject","inLanguage":"pl-PL","@id":"https:\/\/kwiatybielsko.pl\/#\/schema\/logo\/image\/","url":"https:\/\/kwiatybielsko.pl\/wp-content\/uploads\/2025\/08\/logotypor.png","contentUrl":"https:\/\/kwiatybielsko.pl\/wp-content\/uploads\/2025\/08\/logotypor.png","width":733,"height":259,"caption":"Studio Satysfakcja - Kwiaciarnia, Kwiatomat Bielsko-Bia\u0142a"},"image":{"@id":"https:\/\/kwiatybielsko.pl\/#\/schema\/logo\/image\/"},"sameAs":["https:\/\/www.facebook.com\/profile.php?id=100066718193612","https:\/\/www.instagram.com\/kwiatybielsko","https:\/\/www.instagram.com\/kwiatomat.bielsko"]}]}},"_links":{"self":[{"href":"https:\/\/kwiatybielsko.pl\/index.php\/wp-json\/wp\/v2\/pages\/7359","targetHints":{"allow":["GET"]}}],"collection":[{"href":"https:\/\/kwiatybielsko.pl\/index.php\/wp-json\/wp\/v2\/pages"}],"about":[{"href":"https:\/\/kwiatybielsko.pl\/index.php\/wp-json\/wp\/v2\/types\/page"}],"author":[{"embeddable":true,"href":"https:\/\/kwiatybielsko.pl\/index.php\/wp-json\/wp\/v2\/users\/1"}],"replies":[{"embeddable":true,"href":"https:\/\/kwiatybielsko.pl\/index.php\/wp-json\/wp\/v2\/comments?post=7359"}],"version-history":[{"count":38,"href":"https:\/\/kwiatybielsko.pl\/index.php\/wp-json\/wp\/v2\/pages\/7359\/revisions"}],"predecessor-version":[{"id":8984,"href":"https:\/\/kwiatybielsko.pl\/index.php\/wp-json\/wp\/v2\/pages\/7359\/revisions\/8984"}],"wp:featuredmedia":[{"embeddable":true,"href":"https:\/\/kwiatybielsko.pl\/index.php\/wp-json\/wp\/v2\/media\/8215"}],"wp:attachment":[{"href":"https:\/\/kwiatybielsko.pl\/index.php\/wp-json\/wp\/v2\/media?parent=7359"}],"curies":[{"name":"wp","href":"https:\/\/api.w.org\/{rel}","templated":true}]}}